{"id":889,"date":"2026-01-19T11:31:33","date_gmt":"2026-01-19T11:31:33","guid":{"rendered":"https:\/\/kocdegirmen.com\/?page_id=889"},"modified":"2026-03-18T11:54:28","modified_gmt":"2026-03-18T11:54:28","slug":"siklonlar","status":"publish","type":"page","link":"https:\/\/kocdegirmen.com\/en\/siklonlar\/","title":{"rendered":"Cyclones"},"content":{"rendered":"<div data-elementor-type=\"wp-page\" data-elementor-id=\"889\" class=\"elementor elementor-889\" data-elementor-post-type=\"page\">\n\t\t\t\t<div class=\"elementor-element elementor-element-eae5dc5 e-flex e-con-boxed e-con e-parent\" data-id=\"eae5dc5\" data-element_type=\"container\" data-e-type=\"container\">\n\t\t\t\t\t<div class=\"e-con-inner\">\n\t\t\t\t<div class=\"elementor-element elementor-element-63d1ee8 elementor-widget elementor-widget-heading\" data-id=\"63d1ee8\" data-element_type=\"widget\" data-e-type=\"widget\" data-widget_type=\"heading.default\">\n\t\t\t\t\t<h2 class=\"elementor-heading-title elementor-size-default\">Cyclones<\/h2>\t\t\t\t<\/div>\n\t\t\t\t<div class=\"elementor-element elementor-element-1687d2c elementor-widget-divider--view-line elementor-widget elementor-widget-divider\" data-id=\"1687d2c\" data-element_type=\"widget\" data-e-type=\"widget\" data-widget_type=\"divider.default\">\n\t\t\t\t\t\t\t<div class=\"elementor-divider\">\n\t\t\t<span class=\"elementor-divider-separator\">\n\t\t\t\t\t\t<\/span>\n\t\t<\/div>\n\t\t\t\t\t\t<\/div>\n\t\t\t\t<div class=\"elementor-element elementor-element-77f59e3 elementor-widget elementor-widget-heading\" data-id=\"77f59e3\" data-element_type=\"widget\" data-e-type=\"widget\" data-widget_type=\"heading.default\">\n\t\t\t\t\t<h5 class=\"elementor-heading-title elementor-size-default\"><a href=\"https:\/\/kocdegirmen.com\/en\/urunler\/\">Products<\/a><\/h5>\t\t\t\t<\/div>\n\t\t\t\t\t<\/div>\n\t\t\t\t<\/div>\n\t\t<div class=\"elementor-element elementor-element-c22907b e-flex e-con-boxed e-con e-parent\" data-id=\"c22907b\" data-element_type=\"container\" data-e-type=\"container\">\n\t\t\t\t\t<div class=\"e-con-inner\">\n\t\t<div class=\"elementor-element elementor-element-1aea8bd e-con-full e-flex e-con e-child\" data-id=\"1aea8bd\" data-element_type=\"container\" data-e-type=\"container\">\n\t\t\t\t<div class=\"elementor-element elementor-element-7bac61d elementor-widget elementor-widget-image\" data-id=\"7bac61d\" data-element_type=\"widget\" data-e-type=\"widget\" data-widget_type=\"image.default\">\n\t\t\t\t\t\t\t\t\t\t\t\t\t\t\t<img fetchpriority=\"high\" decoding=\"async\" width=\"731\" height=\"752\" src=\"https:\/\/kocdegirmen.com\/wp-content\/uploads\/2026\/01\/siklonlar.png\" class=\"attachment-large size-large wp-image-706\" alt=\"\" srcset=\"https:\/\/kocdegirmen.com\/wp-content\/uploads\/2026\/01\/siklonlar.png 731w, https:\/\/kocdegirmen.com\/wp-content\/uploads\/2026\/01\/siklonlar-292x300.png 292w\" sizes=\"(max-width: 731px) 100vw, 731px\" \/>\t\t\t\t\t\t\t\t\t\t\t\t\t\t\t<\/div>\n\t\t\t\t<\/div>\n\t\t<div class=\"elementor-element elementor-element-b12bde8 e-con-full e-flex e-con e-child\" data-id=\"b12bde8\" data-element_type=\"container\" data-e-type=\"container\">\n\t\t\t\t<div class=\"elementor-element elementor-element-f2199c6 elementor-widget elementor-widget-heading\" data-id=\"f2199c6\" data-element_type=\"widget\" data-e-type=\"widget\" data-widget_type=\"heading.default\">\n\t\t\t\t\t<h2 class=\"elementor-heading-title elementor-size-default\">Cyclones<\/h2>\t\t\t\t<\/div>\n\t\t\t\t<div class=\"elementor-element elementor-element-76b6eec elementor-widget elementor-widget-text-editor\" data-id=\"76b6eec\" data-element_type=\"widget\" data-e-type=\"widget\" data-widget_type=\"text-editor.default\">\n\t\t\t\t\t\t\t\t\t<div id=\"tab1\" class=\"tab_content\"><div class=\"jScrollPaneContainer\" tabindex=\"0\"><div id=\"tab1s\"><div id=\"tab1\" class=\"tab_content\"><div class=\"jScrollPaneContainer\" tabindex=\"0\"><div id=\"tab1s\"><div id=\"tab1\" class=\"tab_content\"><div class=\"jScrollPaneContainer\" tabindex=\"0\"><div id=\"tab1s\"><div id=\"tab1\" class=\"tab_content\"><div class=\"jScrollPaneContainer\" tabindex=\"0\"><div id=\"tab1s\"><div id=\"tab1\" class=\"tab_content\"><div class=\"jScrollPaneContainer\" tabindex=\"0\"><div id=\"tab1s\"><div id=\"tab1\" class=\"tab_content\"><div class=\"jScrollPaneContainer\" tabindex=\"0\"><div id=\"tab1s\"><div id=\"tab1\" class=\"tab_content\"><div class=\"jScrollPaneContainer\" tabindex=\"0\"><div id=\"tab1s\"><div id=\"tab1\" class=\"tab_content\"><div class=\"jScrollPaneContainer\" tabindex=\"0\"><div id=\"tab1s\"><div id=\"tab1\" class=\"tab_content\"><div class=\"jScrollPaneContainer\" tabindex=\"0\"><div id=\"tab1s\"><h6>Mono Cyclone Features<\/h6><p>It is used in the cleaning section to separate dust from other products. It is installed at the inlets of cleaning filters. It is made entirely of wire mesh. Flanges are used at the inlet and outlet for easy connection.<\/p><h6>Dust Cyclone Features<\/h6><p>Dust cyclones are connected to the outlet of the exhaust fans in the cleaning circuit. They are used to separate dust particles from the air. Dust cyclones are made entirely of sheet steel. Flanges are provided for the upper and lower connections. An air lock must be installed beneath the dust cyclones.<\/p><\/div><\/div><\/div><\/div><\/div><\/div><\/div><\/div><\/div><\/div><\/div><\/div><\/div><\/div><\/div><\/div><\/div><\/div><\/div><\/div><\/div><\/div><\/div><\/div><\/div><\/div><\/div><div id=\"simple-translate\" class=\"simple-translate-system-theme\"><div><div class=\"simple-translate-button isShow\" style=\"background-image: url('moz-extension:\/\/0754142c-6ebe-4072-8d31-a6a3b924fc07\/icons\/512.png'); height: 22px; width: 22px; top: 99px; left: 122px;\">\u00a0<\/div><div class=\"simple-translate-panel\" style=\"width: 300px; height: 200px; top: 0px; left: 0px; font-size: 13px;\"><div class=\"simple-translate-result-wrapper\" style=\"overflow: hidden;\"><div class=\"simple-translate-move\" draggable=\"true\">\u00a0<\/div><div class=\"simple-translate-result-contents\"><p class=\"simple-translate-result\" dir=\"auto\">\u00a0<\/p><p class=\"simple-translate-candidate\" dir=\"auto\">\u00a0<\/p><\/div><\/div><\/div><\/div><\/div>\t\t\t\t\t\t\t\t<\/div>\n\t\t\t\t<\/div>\n\t\t\t\t\t<\/div>\n\t\t\t\t<\/div>\n\t\t<div class=\"elementor-element elementor-element-bb69b5d e-flex e-con-boxed e-con e-parent\" data-id=\"bb69b5d\" data-element_type=\"container\" data-e-type=\"container\">\n\t\t\t\t\t<div class=\"e-con-inner\">\n\t\t<div class=\"elementor-element elementor-element-397f97a e-con-full e-flex e-con e-child\" data-id=\"397f97a\" data-element_type=\"container\" data-e-type=\"container\">\n\t\t\t\t<div class=\"elementor-element elementor-element-2cc3e81 elementor-widget elementor-widget-heading\" data-id=\"2cc3e81\" data-element_type=\"widget\" data-e-type=\"widget\" data-widget_type=\"heading.default\">\n\t\t\t\t\t<h2 class=\"elementor-heading-title elementor-size-default\">Technical Drawing<\/h2>\t\t\t\t<\/div>\n\t\t\t\t<\/div>\n\t\t<div class=\"elementor-element elementor-element-9f6e4b6 e-con-full e-flex e-con e-child\" data-id=\"9f6e4b6\" data-element_type=\"container\" data-e-type=\"container\">\n\t\t\t\t<div class=\"elementor-element elementor-element-55d0c8a elementor-widget elementor-widget-image\" data-id=\"55d0c8a\" data-element_type=\"widget\" data-e-type=\"widget\" data-widget_type=\"image.default\">\n\t\t\t\t\t\t\t\t\t\t\t\t\t\t\t<img decoding=\"async\" width=\"800\" height=\"458\" src=\"https:\/\/kocdegirmen.com\/wp-content\/uploads\/2026\/01\/siklonlar2.png\" class=\"attachment-large size-large wp-image-892\" alt=\"\" srcset=\"https:\/\/kocdegirmen.com\/wp-content\/uploads\/2026\/01\/siklonlar2.png 960w, https:\/\/kocdegirmen.com\/wp-content\/uploads\/2026\/01\/siklonlar2-300x172.png 300w, https:\/\/kocdegirmen.com\/wp-content\/uploads\/2026\/01\/siklonlar2-768x440.png 768w\" sizes=\"(max-width: 800px) 100vw, 800px\" \/>\t\t\t\t\t\t\t\t\t\t\t\t\t\t\t<\/div>\n\t\t\t\t<div class=\"elementor-element elementor-element-a0ee223 elementor-widget elementor-widget-image\" data-id=\"a0ee223\" data-element_type=\"widget\" data-e-type=\"widget\" data-widget_type=\"image.default\">\n\t\t\t\t\t\t\t\t\t\t\t\t\t\t\t<img decoding=\"async\" width=\"797\" height=\"408\" src=\"https:\/\/kocdegirmen.com\/wp-content\/uploads\/2026\/01\/siklonlar-1.png\" class=\"attachment-large size-large wp-image-891\" alt=\"\" srcset=\"https:\/\/kocdegirmen.com\/wp-content\/uploads\/2026\/01\/siklonlar-1.png 797w, https:\/\/kocdegirmen.com\/wp-content\/uploads\/2026\/01\/siklonlar-1-300x154.png 300w, https:\/\/kocdegirmen.com\/wp-content\/uploads\/2026\/01\/siklonlar-1-768x393.png 768w\" sizes=\"(max-width: 797px) 100vw, 797px\" \/>\t\t\t\t\t\t\t\t\t\t\t\t\t\t\t<\/div>\n\t\t\t\t<\/div>\n\t\t\t\t\t<\/div>\n\t\t\t\t<\/div>\n\t\t\t\t<\/div>","protected":false},"excerpt":{"rendered":"<p>Siklonlar \u00dcr\u00fcnler Siklonlar Mono Siklon \u00d6zellikleri Temizleme b\u00f6l\u00fcm\u00fcnde tozlar\u0131 di\u011fer \u00fcr\u00fcnlerden ay\u0131rmada kullan\u0131l\u0131r. Temizleme filitrelerinin giri\u015flerinde kullan\u0131lmaktad\u0131r. Tamamen sa\u00e7tan imal edilmi\u015ftir. Giri\u015f ve \u00e7\u0131k\u0131\u015flar\u0131nda kolay ba\u011flant\u0131 i\u00e7in flan\u015f kullan\u0131lmaktad\u0131r. Toz Siklonu \u00d6zellikleri Toz siklonlar\u0131, temizleme devresinde aspirat\u00f6rlerin \u00e7\u0131k\u0131\u015f\u0131na ba\u011flan\u0131r. Hava&#8217;n\u0131n i\u00e7indeki tozlar\u0131n ayr\u0131lmas\u0131nda kullan\u0131l\u0131r. Toz siklonlar\u0131 tamamen \u00e7elik sa\u00e7tan imal edilmi\u015ftir. Alt ve \u00fcst ba\u011flant\u0131lar\u0131 [&hellip;]<\/p>\n","protected":false},"author":1,"featured_media":706,"parent":0,"menu_order":0,"comment_status":"closed","ping_status":"closed","template":"","meta":{"footnotes":""},"class_list":["post-889","page","type-page","status-publish","has-post-thumbnail","hentry"],"_links":{"self":[{"href":"https:\/\/kocdegirmen.com\/en\/wp-json\/wp\/v2\/pages\/889","targetHints":{"allow":["GET"]}}],"collection":[{"href":"https:\/\/kocdegirmen.com\/en\/wp-json\/wp\/v2\/pages"}],"about":[{"href":"https:\/\/kocdegirmen.com\/en\/wp-json\/wp\/v2\/types\/page"}],"author":[{"embeddable":true,"href":"https:\/\/kocdegirmen.com\/en\/wp-json\/wp\/v2\/users\/1"}],"replies":[{"embeddable":true,"href":"https:\/\/kocdegirmen.com\/en\/wp-json\/wp\/v2\/comments?post=889"}],"version-history":[{"count":7,"href":"https:\/\/kocdegirmen.com\/en\/wp-json\/wp\/v2\/pages\/889\/revisions"}],"predecessor-version":[{"id":1423,"href":"https:\/\/kocdegirmen.com\/en\/wp-json\/wp\/v2\/pages\/889\/revisions\/1423"}],"wp:featuredmedia":[{"embeddable":true,"href":"https:\/\/kocdegirmen.com\/en\/wp-json\/wp\/v2\/media\/706"}],"wp:attachment":[{"href":"https:\/\/kocdegirmen.com\/en\/wp-json\/wp\/v2\/media?parent=889"}],"curies":[{"name":"wp","href":"https:\/\/api.w.org\/{rel}","templated":true}]}}