{"id":865,"date":"2026-01-19T11:19:41","date_gmt":"2026-01-19T11:19:41","guid":{"rendered":"https:\/\/kocdegirmen.com\/?page_id=865"},"modified":"2026-03-18T14:08:33","modified_gmt":"2026-03-18T14:08:33","slug":"pacal-makinesi","status":"publish","type":"page","link":"https:\/\/kocdegirmen.com\/en\/pacal-makinesi\/","title":{"rendered":"Mixing Machine"},"content":{"rendered":"<div data-elementor-type=\"wp-page\" data-elementor-id=\"865\" class=\"elementor elementor-865\" data-elementor-post-type=\"page\">\n\t\t\t\t<div class=\"elementor-element elementor-element-eae5dc5 e-flex e-con-boxed e-con e-parent\" data-id=\"eae5dc5\" data-element_type=\"container\" data-e-type=\"container\">\n\t\t\t\t\t<div class=\"e-con-inner\">\n\t\t\t\t<div class=\"elementor-element elementor-element-63d1ee8 elementor-widget elementor-widget-heading\" data-id=\"63d1ee8\" data-element_type=\"widget\" data-e-type=\"widget\" data-widget_type=\"heading.default\">\n\t\t\t\t\t<h2 class=\"elementor-heading-title elementor-size-default\">Mixing Machine<\/h2>\t\t\t\t<\/div>\n\t\t\t\t<div class=\"elementor-element elementor-element-1687d2c elementor-widget-divider--view-line elementor-widget elementor-widget-divider\" data-id=\"1687d2c\" data-element_type=\"widget\" data-e-type=\"widget\" data-widget_type=\"divider.default\">\n\t\t\t\t\t\t\t<div class=\"elementor-divider\">\n\t\t\t<span class=\"elementor-divider-separator\">\n\t\t\t\t\t\t<\/span>\n\t\t<\/div>\n\t\t\t\t\t\t<\/div>\n\t\t\t\t<div class=\"elementor-element elementor-element-77f59e3 elementor-widget elementor-widget-heading\" data-id=\"77f59e3\" data-element_type=\"widget\" data-e-type=\"widget\" data-widget_type=\"heading.default\">\n\t\t\t\t\t<h5 class=\"elementor-heading-title elementor-size-default\"><a href=\"https:\/\/kocdegirmen.com\/en\/urunler\/\">Products<\/a><\/h5>\t\t\t\t<\/div>\n\t\t\t\t\t<\/div>\n\t\t\t\t<\/div>\n\t\t<div class=\"elementor-element elementor-element-c22907b e-flex e-con-boxed e-con e-parent\" data-id=\"c22907b\" data-element_type=\"container\" data-e-type=\"container\">\n\t\t\t\t\t<div class=\"e-con-inner\">\n\t\t<div class=\"elementor-element elementor-element-1aea8bd e-con-full e-flex e-con e-child\" data-id=\"1aea8bd\" data-element_type=\"container\" data-e-type=\"container\">\n\t\t\t\t<div class=\"elementor-element elementor-element-7bac61d elementor-widget elementor-widget-image\" data-id=\"7bac61d\" data-element_type=\"widget\" data-e-type=\"widget\" data-widget_type=\"image.default\">\n\t\t\t\t\t\t\t\t\t\t\t\t\t\t\t<img fetchpriority=\"high\" decoding=\"async\" width=\"731\" height=\"752\" src=\"https:\/\/kocdegirmen.com\/wp-content\/uploads\/2026\/01\/pacal-makinesi.png\" class=\"attachment-large size-large wp-image-703\" alt=\"\" srcset=\"https:\/\/kocdegirmen.com\/wp-content\/uploads\/2026\/01\/pacal-makinesi.png 731w, https:\/\/kocdegirmen.com\/wp-content\/uploads\/2026\/01\/pacal-makinesi-292x300.png 292w\" sizes=\"(max-width: 731px) 100vw, 731px\" \/>\t\t\t\t\t\t\t\t\t\t\t\t\t\t\t<\/div>\n\t\t\t\t<\/div>\n\t\t<div class=\"elementor-element elementor-element-b12bde8 e-con-full e-flex e-con e-child\" data-id=\"b12bde8\" data-element_type=\"container\" data-e-type=\"container\">\n\t\t\t\t<div class=\"elementor-element elementor-element-f2199c6 elementor-widget elementor-widget-heading\" data-id=\"f2199c6\" data-element_type=\"widget\" data-e-type=\"widget\" data-widget_type=\"heading.default\">\n\t\t\t\t\t<h2 class=\"elementor-heading-title elementor-size-default\">Mixing Machine<\/h2>\t\t\t\t<\/div>\n\t\t\t\t<div class=\"elementor-element elementor-element-76b6eec elementor-widget elementor-widget-text-editor\" data-id=\"76b6eec\" data-element_type=\"widget\" data-e-type=\"widget\" data-widget_type=\"text-editor.default\">\n\t\t\t\t\t\t\t\t\t<div id=\"tab1\" class=\"tab_content\"><div class=\"jScrollPaneContainer\" tabindex=\"0\"><div id=\"tab1s\"><div id=\"tab1\" class=\"tab_content\"><div class=\"jScrollPaneContainer\" tabindex=\"0\"><div id=\"tab1s\"><div id=\"tab1\" class=\"tab_content\"><div class=\"jScrollPaneContainer\" tabindex=\"0\"><div id=\"tab1s\"><div id=\"tab1\" class=\"tab_content\"><div class=\"jScrollPaneContainer\" tabindex=\"0\"><div id=\"tab1s\"><div id=\"tab1\" class=\"tab_content\"><div class=\"jScrollPaneContainer\" tabindex=\"0\"><div id=\"tab1s\"><div id=\"tab1\" class=\"tab_content\"><div class=\"jScrollPaneContainer\" tabindex=\"0\"><div id=\"tab1s\"><div id=\"tab1\" class=\"tab_content\"><div class=\"jScrollPaneContainer\" tabindex=\"0\"><div id=\"tab1s\">In grain, cereal, and food processing facilities, the blending machine\u2014used in conveying equipment\u2014employs compartments of various sizes to ensure that wheat and other products with distinct characteristics are blended in the desired proportions.<\/div><\/div><\/div><\/div><\/div><\/div><\/div><\/div><\/div><\/div><\/div><\/div><\/div><\/div><\/div><\/div><\/div><\/div><\/div><\/div><\/div>\t\t\t\t\t\t\t\t<\/div>\n\t\t\t\t<\/div>\n\t\t\t\t\t<\/div>\n\t\t\t\t<\/div>\n\t\t<div class=\"elementor-element elementor-element-bb69b5d e-flex e-con-boxed e-con e-parent\" data-id=\"bb69b5d\" data-element_type=\"container\" data-e-type=\"container\">\n\t\t\t\t\t<div class=\"e-con-inner\">\n\t\t<div class=\"elementor-element elementor-element-397f97a e-con-full e-flex e-con e-child\" data-id=\"397f97a\" data-element_type=\"container\" data-e-type=\"container\">\n\t\t\t\t<div class=\"elementor-element elementor-element-2cc3e81 elementor-widget elementor-widget-heading\" data-id=\"2cc3e81\" data-element_type=\"widget\" data-e-type=\"widget\" data-widget_type=\"heading.default\">\n\t\t\t\t\t<h2 class=\"elementor-heading-title elementor-size-default\">Teknik Bilgi<\/h2>\t\t\t\t<\/div>\n\t\t\t\t<\/div>\n\t\t<div class=\"elementor-element elementor-element-9f6e4b6 e-con-full e-flex e-con e-child\" data-id=\"9f6e4b6\" data-element_type=\"container\" data-e-type=\"container\">\n\t\t\t\t<div class=\"elementor-element elementor-element-07b3d58 elementor-widget elementor-widget-image\" data-id=\"07b3d58\" data-element_type=\"widget\" data-e-type=\"widget\" data-widget_type=\"image.default\">\n\t\t\t\t\t\t\t\t\t\t\t\t\t\t\t<img decoding=\"async\" width=\"472\" height=\"397\" src=\"https:\/\/kocdegirmen.com\/wp-content\/uploads\/2026\/01\/pacal-makinesi2.png\" class=\"attachment-large size-large wp-image-878\" alt=\"\" srcset=\"https:\/\/kocdegirmen.com\/wp-content\/uploads\/2026\/01\/pacal-makinesi2.png 472w, https:\/\/kocdegirmen.com\/wp-content\/uploads\/2026\/01\/pacal-makinesi2-300x252.png 300w\" sizes=\"(max-width: 472px) 100vw, 472px\" \/>\t\t\t\t\t\t\t\t\t\t\t\t\t\t\t<\/div>\n\t\t\t\t<div class=\"elementor-element elementor-element-a0ee223 elementor-widget elementor-widget-image\" data-id=\"a0ee223\" data-element_type=\"widget\" data-e-type=\"widget\" data-widget_type=\"image.default\">\n\t\t\t\t\t\t\t\t\t\t\t\t\t\t\t<img decoding=\"async\" width=\"800\" height=\"331\" src=\"https:\/\/kocdegirmen.com\/wp-content\/uploads\/2026\/01\/pacal-makinesi-1.png\" class=\"attachment-large size-large wp-image-867\" alt=\"\" srcset=\"https:\/\/kocdegirmen.com\/wp-content\/uploads\/2026\/01\/pacal-makinesi-1.png 937w, https:\/\/kocdegirmen.com\/wp-content\/uploads\/2026\/01\/pacal-makinesi-1-300x124.png 300w, https:\/\/kocdegirmen.com\/wp-content\/uploads\/2026\/01\/pacal-makinesi-1-768x318.png 768w\" sizes=\"(max-width: 800px) 100vw, 800px\" \/>\t\t\t\t\t\t\t\t\t\t\t\t\t\t\t<\/div>\n\t\t\t\t<div class=\"elementor-element elementor-element-a8e3358 elementor-widget elementor-widget-image\" data-id=\"a8e3358\" data-element_type=\"widget\" data-e-type=\"widget\" data-widget_type=\"image.default\">\n\t\t\t\t\t\t\t\t\t\t\t\t\t\t\t<img loading=\"lazy\" decoding=\"async\" width=\"800\" height=\"164\" src=\"https:\/\/kocdegirmen.com\/wp-content\/uploads\/2026\/01\/pacal-makinesi3.png\" class=\"attachment-large size-large wp-image-1005\" alt=\"\" srcset=\"https:\/\/kocdegirmen.com\/wp-content\/uploads\/2026\/01\/pacal-makinesi3.png 937w, https:\/\/kocdegirmen.com\/wp-content\/uploads\/2026\/01\/pacal-makinesi3-300x61.png 300w, https:\/\/kocdegirmen.com\/wp-content\/uploads\/2026\/01\/pacal-makinesi3-768x157.png 768w\" sizes=\"(max-width: 800px) 100vw, 800px\" \/>\t\t\t\t\t\t\t\t\t\t\t\t\t\t\t<\/div>\n\t\t\t\t<\/div>\n\t\t\t\t\t<\/div>\n\t\t\t\t<\/div>\n\t\t\t\t<\/div>","protected":false},"excerpt":{"rendered":"<p>Pa\u00e7al Makinesi \u00dcr\u00fcnler Pa\u00e7al Makinesi Tah\u0131l, Hububat ve G\u0131da i\u015fleme tesislerinde ta\u015f\u0131ma ekipmanlar\u0131nda kullan\u0131lan Pa\u00e7al Makinesi de\u011fi\u015fik b\u00fcy\u00fckl\u00fckteki cepleri vas\u0131tas\u0131 ile ayr\u0131 ayr\u0131 \u00f6zelliklerdeki bu\u011fday vb. \u00fcr\u00fcnlerin istenen oranda kar\u0131\u015f\u0131m\u0131n\u0131 sa\u011flamak \u00fczere kullan\u0131l\u0131r. Teknik Bilgi<\/p>","protected":false},"author":1,"featured_media":703,"parent":0,"menu_order":0,"comment_status":"closed","ping_status":"closed","template":"","meta":{"footnotes":""},"class_list":["post-865","page","type-page","status-publish","has-post-thumbnail","hentry"],"_links":{"self":[{"href":"https:\/\/kocdegirmen.com\/en\/wp-json\/wp\/v2\/pages\/865","targetHints":{"allow":["GET"]}}],"collection":[{"href":"https:\/\/kocdegirmen.com\/en\/wp-json\/wp\/v2\/pages"}],"about":[{"href":"https:\/\/kocdegirmen.com\/en\/wp-json\/wp\/v2\/types\/page"}],"author":[{"embeddable":true,"href":"https:\/\/kocdegirmen.com\/en\/wp-json\/wp\/v2\/users\/1"}],"replies":[{"embeddable":true,"href":"https:\/\/kocdegirmen.com\/en\/wp-json\/wp\/v2\/comments?post=865"}],"version-history":[{"count":16,"href":"https:\/\/kocdegirmen.com\/en\/wp-json\/wp\/v2\/pages\/865\/revisions"}],"predecessor-version":[{"id":1462,"href":"https:\/\/kocdegirmen.com\/en\/wp-json\/wp\/v2\/pages\/865\/revisions\/1462"}],"wp:featuredmedia":[{"embeddable":true,"href":"https:\/\/kocdegirmen.com\/en\/wp-json\/wp\/v2\/media\/703"}],"wp:attachment":[{"href":"https:\/\/kocdegirmen.com\/en\/wp-json\/wp\/v2\/media?parent=865"}],"curies":[{"name":"wp","href":"https:\/\/api.w.org\/{rel}","templated":true}]}}