{"id":851,"date":"2026-01-19T11:14:45","date_gmt":"2026-01-19T11:14:45","guid":{"rendered":"https:\/\/kocdegirmen.com\/?page_id=851"},"modified":"2026-03-18T11:47:39","modified_gmt":"2026-03-18T11:47:39","slug":"miknatis","status":"publish","type":"page","link":"https:\/\/kocdegirmen.com\/en\/miknatis\/","title":{"rendered":"Magnet"},"content":{"rendered":"<div data-elementor-type=\"wp-page\" data-elementor-id=\"851\" class=\"elementor elementor-851\" data-elementor-post-type=\"page\">\n\t\t\t\t<div class=\"elementor-element elementor-element-eae5dc5 e-flex e-con-boxed e-con e-parent\" data-id=\"eae5dc5\" data-element_type=\"container\" data-e-type=\"container\">\n\t\t\t\t\t<div class=\"e-con-inner\">\n\t\t\t\t<div class=\"elementor-element elementor-element-63d1ee8 elementor-widget elementor-widget-heading\" data-id=\"63d1ee8\" data-element_type=\"widget\" data-e-type=\"widget\" data-widget_type=\"heading.default\">\n\t\t\t\t\t<h2 class=\"elementor-heading-title elementor-size-default\">Magnet<\/h2>\t\t\t\t<\/div>\n\t\t\t\t<div class=\"elementor-element elementor-element-1687d2c elementor-widget-divider--view-line elementor-widget elementor-widget-divider\" data-id=\"1687d2c\" data-element_type=\"widget\" data-e-type=\"widget\" data-widget_type=\"divider.default\">\n\t\t\t\t\t\t\t<div class=\"elementor-divider\">\n\t\t\t<span class=\"elementor-divider-separator\">\n\t\t\t\t\t\t<\/span>\n\t\t<\/div>\n\t\t\t\t\t\t<\/div>\n\t\t\t\t<div class=\"elementor-element elementor-element-77f59e3 elementor-widget elementor-widget-heading\" data-id=\"77f59e3\" data-element_type=\"widget\" data-e-type=\"widget\" data-widget_type=\"heading.default\">\n\t\t\t\t\t<h5 class=\"elementor-heading-title elementor-size-default\"><a href=\"https:\/\/kocdegirmen.com\/en\/urunler\/\">Products<\/a><\/h5>\t\t\t\t<\/div>\n\t\t\t\t\t<\/div>\n\t\t\t\t<\/div>\n\t\t<div class=\"elementor-element elementor-element-c22907b e-flex e-con-boxed e-con e-parent\" data-id=\"c22907b\" data-element_type=\"container\" data-e-type=\"container\">\n\t\t\t\t\t<div class=\"e-con-inner\">\n\t\t<div class=\"elementor-element elementor-element-1aea8bd e-con-full e-flex e-con e-child\" data-id=\"1aea8bd\" data-element_type=\"container\" data-e-type=\"container\">\n\t\t\t\t<div class=\"elementor-element elementor-element-7bac61d elementor-widget elementor-widget-image\" data-id=\"7bac61d\" data-element_type=\"widget\" data-e-type=\"widget\" data-widget_type=\"image.default\">\n\t\t\t\t\t\t\t\t\t\t\t\t\t\t\t<img fetchpriority=\"high\" decoding=\"async\" width=\"731\" height=\"752\" src=\"https:\/\/kocdegirmen.com\/wp-content\/uploads\/2026\/01\/miknatis.png\" class=\"attachment-large size-large wp-image-701\" alt=\"\" srcset=\"https:\/\/kocdegirmen.com\/wp-content\/uploads\/2026\/01\/miknatis.png 731w, https:\/\/kocdegirmen.com\/wp-content\/uploads\/2026\/01\/miknatis-292x300.png 292w\" sizes=\"(max-width: 731px) 100vw, 731px\" \/>\t\t\t\t\t\t\t\t\t\t\t\t\t\t\t<\/div>\n\t\t\t\t<\/div>\n\t\t<div class=\"elementor-element elementor-element-b12bde8 e-con-full e-flex e-con e-child\" data-id=\"b12bde8\" data-element_type=\"container\" data-e-type=\"container\">\n\t\t\t\t<div class=\"elementor-element elementor-element-f2199c6 elementor-widget elementor-widget-heading\" data-id=\"f2199c6\" data-element_type=\"widget\" data-e-type=\"widget\" data-widget_type=\"heading.default\">\n\t\t\t\t\t<h2 class=\"elementor-heading-title elementor-size-default\">Magnet<\/h2>\t\t\t\t<\/div>\n\t\t\t\t<div class=\"elementor-element elementor-element-76b6eec elementor-widget elementor-widget-text-editor\" data-id=\"76b6eec\" data-element_type=\"widget\" data-e-type=\"widget\" data-widget_type=\"text-editor.default\">\n\t\t\t\t\t\t\t\t\t<div id=\"tab1\" class=\"tab_content\"><div class=\"jScrollPaneContainer\" tabindex=\"0\"><div id=\"tab1s\"><div id=\"tab1\" class=\"tab_content\"><div class=\"jScrollPaneContainer\" tabindex=\"0\"><div id=\"tab1s\"><div id=\"tab1\" class=\"tab_content\"><div class=\"jScrollPaneContainer\" tabindex=\"0\"><div id=\"tab1s\"><div id=\"tab1\" class=\"tab_content\"><div class=\"jScrollPaneContainer\" tabindex=\"0\"><div id=\"tab1s\"><div id=\"tab1\" class=\"tab_content\"><div class=\"jScrollPaneContainer\" tabindex=\"0\"><div id=\"tab1s\"><div id=\"tab1\" class=\"tab_content\"><div class=\"jScrollPaneContainer\" tabindex=\"0\"><div id=\"tab1s\"><p>As the name suggests, a magnet is a piece of auxiliary equipment that attracts metal and metallic parts, thereby preventing them from causing damage to the system.<\/p><p>A large proportion of the machinery used in flour mills operates at high speeds.<\/p><p>Metal and metallic parts, such as screws, that break off from the natural environments where wheat is sourced or during operation in other machines can enter our operating machinery and systems, causing damage.<\/p><p>The magnet helps catch these parts before they enter our machines and systems.<\/p><h6>Applications<\/h6>A-) Wheat brush inlets <br \/>B-) The openings of the waltzes (especially the B1 waltz) <br \/>C) They can be placed at the inlets of semolina crushers.<br \/>Note: Manufacturing is available upon request for any tonnage.<\/div><\/div><\/div><\/div><\/div><\/div><\/div><\/div><\/div><\/div><\/div><\/div><\/div><\/div><\/div><\/div><\/div><\/div><div id=\"simple-translate\" class=\"simple-translate-system-theme\"><div><div class=\"simple-translate-button isShow\" style=\"background-image: url('moz-extension:\/\/0754142c-6ebe-4072-8d31-a6a3b924fc07\/icons\/512.png'); height: 22px; width: 22px; top: 109px; left: 256px;\">\u00a0<\/div><div class=\"simple-translate-panel\" style=\"width: 300px; height: 200px; top: 0px; left: 0px; font-size: 13px;\"><div class=\"simple-translate-result-wrapper\" style=\"overflow: hidden;\"><div class=\"simple-translate-move\" draggable=\"true\">\u00a0<\/div><div class=\"simple-translate-result-contents\"><p class=\"simple-translate-result\" dir=\"auto\">\u00a0<\/p><p class=\"simple-translate-candidate\" dir=\"auto\">\u00a0<\/p><\/div><\/div><\/div><\/div><\/div>\t\t\t\t\t\t\t\t<\/div>\n\t\t\t\t<\/div>\n\t\t\t\t\t<\/div>\n\t\t\t\t<\/div>\n\t\t<div class=\"elementor-element elementor-element-bb69b5d e-flex e-con-boxed e-con e-parent\" data-id=\"bb69b5d\" data-element_type=\"container\" data-e-type=\"container\">\n\t\t\t\t\t<div class=\"e-con-inner\">\n\t\t<div class=\"elementor-element elementor-element-397f97a e-con-full e-flex e-con e-child\" data-id=\"397f97a\" data-element_type=\"container\" data-e-type=\"container\">\n\t\t\t\t<div class=\"elementor-element elementor-element-2cc3e81 elementor-widget elementor-widget-heading\" data-id=\"2cc3e81\" data-element_type=\"widget\" data-e-type=\"widget\" data-widget_type=\"heading.default\">\n\t\t\t\t\t<h2 class=\"elementor-heading-title elementor-size-default\">Technical Drawing<\/h2>\t\t\t\t<\/div>\n\t\t\t\t<\/div>\n\t\t<div class=\"elementor-element elementor-element-9f6e4b6 e-con-full e-flex e-con e-child\" data-id=\"9f6e4b6\" data-element_type=\"container\" data-e-type=\"container\">\n\t\t\t\t<div class=\"elementor-element elementor-element-55d0c8a elementor-widget elementor-widget-image\" data-id=\"55d0c8a\" data-element_type=\"widget\" data-e-type=\"widget\" data-widget_type=\"image.default\">\n\t\t\t\t\t\t\t\t\t\t\t\t\t\t\t<img decoding=\"async\" width=\"286\" height=\"466\" src=\"https:\/\/kocdegirmen.com\/wp-content\/uploads\/2026\/01\/miknatis2.png\" class=\"attachment-large size-large wp-image-854\" alt=\"\" srcset=\"https:\/\/kocdegirmen.com\/wp-content\/uploads\/2026\/01\/miknatis2.png 286w, https:\/\/kocdegirmen.com\/wp-content\/uploads\/2026\/01\/miknatis2-184x300.png 184w\" sizes=\"(max-width: 286px) 100vw, 286px\" \/>\t\t\t\t\t\t\t\t\t\t\t\t\t\t\t<\/div>\n\t\t\t\t<div class=\"elementor-element elementor-element-a0ee223 elementor-widget elementor-widget-image\" data-id=\"a0ee223\" data-element_type=\"widget\" data-e-type=\"widget\" data-widget_type=\"image.default\">\n\t\t\t\t\t\t\t\t\t\t\t\t\t\t\t<img decoding=\"async\" width=\"800\" height=\"156\" src=\"https:\/\/kocdegirmen.com\/wp-content\/uploads\/2026\/01\/miknatis-1.png\" class=\"attachment-large size-large wp-image-853\" alt=\"\" srcset=\"https:\/\/kocdegirmen.com\/wp-content\/uploads\/2026\/01\/miknatis-1.png 826w, https:\/\/kocdegirmen.com\/wp-content\/uploads\/2026\/01\/miknatis-1-300x58.png 300w, https:\/\/kocdegirmen.com\/wp-content\/uploads\/2026\/01\/miknatis-1-768x150.png 768w\" sizes=\"(max-width: 800px) 100vw, 800px\" \/>\t\t\t\t\t\t\t\t\t\t\t\t\t\t\t<\/div>\n\t\t\t\t<\/div>\n\t\t\t\t\t<\/div>\n\t\t\t\t<\/div>\n\t\t\t\t<\/div>","protected":false},"excerpt":{"rendered":"<p>M\u0131knat\u0131s \u00dcr\u00fcnler M\u0131knat\u0131s M\u0131knat\u0131s ad\u0131ndan da anla\u015f\u0131laca\u011f\u0131 gibi metal ve metalik par\u00e7alar\u0131, \u00fczerine \u00e7ekerek sisteme zarar vermelerini \u00f6nleyen yard\u0131mc\u0131 ekipmanlardan birisidir. Un fabrikalar\u0131nda \u00e7al\u0131\u015fan makinalar\u0131n b\u00fcy\u00fck bir b\u00f6l\u00fcm\u00fc y\u00fcksek devirle d\u00f6nmektedir. Bu\u011fday\u0131n geldi\u011fi do\u011fal ortamlardan ve di\u011fer makinelerde \u00e7al\u0131\u015fma esnas\u0131nda kopan vida ve benzeri metal ve metalik par\u00e7alar \u00e7al\u0131\u015fan makinalar\u0131m\u0131za ve sistemimize girerek zarar vermektedir. [&hellip;]<\/p>\n","protected":false},"author":1,"featured_media":701,"parent":0,"menu_order":0,"comment_status":"closed","ping_status":"closed","template":"","meta":{"footnotes":""},"class_list":["post-851","page","type-page","status-publish","has-post-thumbnail","hentry"],"_links":{"self":[{"href":"https:\/\/kocdegirmen.com\/en\/wp-json\/wp\/v2\/pages\/851","targetHints":{"allow":["GET"]}}],"collection":[{"href":"https:\/\/kocdegirmen.com\/en\/wp-json\/wp\/v2\/pages"}],"about":[{"href":"https:\/\/kocdegirmen.com\/en\/wp-json\/wp\/v2\/types\/page"}],"author":[{"embeddable":true,"href":"https:\/\/kocdegirmen.com\/en\/wp-json\/wp\/v2\/users\/1"}],"replies":[{"embeddable":true,"href":"https:\/\/kocdegirmen.com\/en\/wp-json\/wp\/v2\/comments?post=851"}],"version-history":[{"count":7,"href":"https:\/\/kocdegirmen.com\/en\/wp-json\/wp\/v2\/pages\/851\/revisions"}],"predecessor-version":[{"id":1408,"href":"https:\/\/kocdegirmen.com\/en\/wp-json\/wp\/v2\/pages\/851\/revisions\/1408"}],"wp:featuredmedia":[{"embeddable":true,"href":"https:\/\/kocdegirmen.com\/en\/wp-json\/wp\/v2\/media\/701"}],"wp:attachment":[{"href":"https:\/\/kocdegirmen.com\/en\/wp-json\/wp\/v2\/media?parent=851"}],"curies":[{"name":"wp","href":"https:\/\/api.w.org\/{rel}","templated":true}]}}