{"id":837,"date":"2026-01-19T11:09:48","date_gmt":"2026-01-19T11:09:48","guid":{"rendered":"https:\/\/kocdegirmen.com\/?page_id=837"},"modified":"2026-03-18T11:44:31","modified_gmt":"2026-03-18T11:44:31","slug":"kare-elek","status":"publish","type":"page","link":"https:\/\/kocdegirmen.com\/en\/kare-elek\/","title":{"rendered":"Square Sieve"},"content":{"rendered":"<div data-elementor-type=\"wp-page\" data-elementor-id=\"837\" class=\"elementor elementor-837\" data-elementor-post-type=\"page\">\n\t\t\t\t<div class=\"elementor-element elementor-element-eae5dc5 e-flex e-con-boxed e-con e-parent\" data-id=\"eae5dc5\" data-element_type=\"container\" data-e-type=\"container\">\n\t\t\t\t\t<div class=\"e-con-inner\">\n\t\t\t\t<div class=\"elementor-element elementor-element-63d1ee8 elementor-widget elementor-widget-heading\" data-id=\"63d1ee8\" data-element_type=\"widget\" data-e-type=\"widget\" data-widget_type=\"heading.default\">\n\t\t\t\t\t<h2 class=\"elementor-heading-title elementor-size-default\">Square Sieve<\/h2>\t\t\t\t<\/div>\n\t\t\t\t<div class=\"elementor-element elementor-element-1687d2c elementor-widget-divider--view-line elementor-widget elementor-widget-divider\" data-id=\"1687d2c\" data-element_type=\"widget\" data-e-type=\"widget\" data-widget_type=\"divider.default\">\n\t\t\t\t\t\t\t<div class=\"elementor-divider\">\n\t\t\t<span class=\"elementor-divider-separator\">\n\t\t\t\t\t\t<\/span>\n\t\t<\/div>\n\t\t\t\t\t\t<\/div>\n\t\t\t\t<div class=\"elementor-element elementor-element-77f59e3 elementor-widget elementor-widget-heading\" data-id=\"77f59e3\" data-element_type=\"widget\" data-e-type=\"widget\" data-widget_type=\"heading.default\">\n\t\t\t\t\t<h5 class=\"elementor-heading-title elementor-size-default\"><a href=\"https:\/\/kocdegirmen.com\/en\/urunler\/\">Products<\/a><\/h5>\t\t\t\t<\/div>\n\t\t\t\t\t<\/div>\n\t\t\t\t<\/div>\n\t\t<div class=\"elementor-element elementor-element-c22907b e-flex e-con-boxed e-con e-parent\" data-id=\"c22907b\" data-element_type=\"container\" data-e-type=\"container\">\n\t\t\t\t\t<div class=\"e-con-inner\">\n\t\t<div class=\"elementor-element elementor-element-1aea8bd e-con-full e-flex e-con e-child\" data-id=\"1aea8bd\" data-element_type=\"container\" data-e-type=\"container\">\n\t\t\t\t<div class=\"elementor-element elementor-element-7bac61d elementor-widget elementor-widget-image\" data-id=\"7bac61d\" data-element_type=\"widget\" data-e-type=\"widget\" data-widget_type=\"image.default\">\n\t\t\t\t\t\t\t\t\t\t\t\t\t\t\t<img fetchpriority=\"high\" decoding=\"async\" width=\"731\" height=\"752\" src=\"https:\/\/kocdegirmen.com\/wp-content\/uploads\/2026\/01\/kare-elek.png\" class=\"attachment-large size-large wp-image-699\" alt=\"\" srcset=\"https:\/\/kocdegirmen.com\/wp-content\/uploads\/2026\/01\/kare-elek.png 731w, https:\/\/kocdegirmen.com\/wp-content\/uploads\/2026\/01\/kare-elek-292x300.png 292w\" sizes=\"(max-width: 731px) 100vw, 731px\" \/>\t\t\t\t\t\t\t\t\t\t\t\t\t\t\t<\/div>\n\t\t\t\t<\/div>\n\t\t<div class=\"elementor-element elementor-element-b12bde8 e-con-full e-flex e-con e-child\" data-id=\"b12bde8\" data-element_type=\"container\" data-e-type=\"container\">\n\t\t\t\t<div class=\"elementor-element elementor-element-f2199c6 elementor-widget elementor-widget-heading\" data-id=\"f2199c6\" data-element_type=\"widget\" data-e-type=\"widget\" data-widget_type=\"heading.default\">\n\t\t\t\t\t<h2 class=\"elementor-heading-title elementor-size-default\">Square Sieve<\/h2>\t\t\t\t<\/div>\n\t\t\t\t<div class=\"elementor-element elementor-element-76b6eec elementor-widget elementor-widget-text-editor\" data-id=\"76b6eec\" data-element_type=\"widget\" data-e-type=\"widget\" data-widget_type=\"text-editor.default\">\n\t\t\t\t\t\t\t\t\t<div id=\"tab1\" class=\"tab_content\"><div class=\"jScrollPaneContainer\" tabindex=\"0\"><div id=\"tab1s\"><div id=\"tab1\" class=\"tab_content\"><div class=\"jScrollPaneContainer\" tabindex=\"0\"><div id=\"tab1s\"><div id=\"tab1\" class=\"tab_content\"><div class=\"jScrollPaneContainer\" tabindex=\"0\"><div id=\"tab1s\"><div id=\"tab1\" class=\"tab_content\"><div class=\"jScrollPaneContainer\" tabindex=\"0\"><div id=\"tab1s\"><div id=\"tab1\" class=\"tab_content\"><div class=\"jScrollPaneContainer\" tabindex=\"0\"><div id=\"tab1s\"><div id=\"tab1\" class=\"tab_content\"><div class=\"jScrollPaneContainer\" tabindex=\"0\"><div id=\"tab1s\"><h6>TYPES OF SCREEN HANGER CONNECTIONS<\/h6><p>Thanks to various suspension configurations, operation is possible even at minimum floor-to-floor heights. By positioning the beams between the passageways, screens of any size can be operated at various span distances.<\/p><\/div><\/div><\/div><\/div><\/div><\/div><\/div><\/div><\/div><\/div><\/div><\/div><\/div><\/div><\/div><\/div><\/div><\/div><div id=\"simple-translate\" class=\"simple-translate-system-theme\"><div><div class=\"simple-translate-button isShow\" style=\"background-image: url('moz-extension:\/\/0754142c-6ebe-4072-8d31-a6a3b924fc07\/icons\/512.png'); height: 22px; width: 22px; top: 42px; left: 0px;\">\u00a0<\/div><div class=\"simple-translate-panel\" style=\"width: 300px; height: 200px; top: 0px; left: 0px; font-size: 13px;\"><div class=\"simple-translate-result-wrapper\" style=\"overflow: hidden;\"><div class=\"simple-translate-move\" draggable=\"true\">\u00a0<\/div><div class=\"simple-translate-result-contents\"><p class=\"simple-translate-result\" dir=\"auto\">\u00a0<\/p><p class=\"simple-translate-candidate\" dir=\"auto\">\u00a0<\/p><\/div><\/div><\/div><\/div><\/div>\t\t\t\t\t\t\t\t<\/div>\n\t\t\t\t<\/div>\n\t\t\t\t\t<\/div>\n\t\t\t\t<\/div>\n\t\t<div class=\"elementor-element elementor-element-bb69b5d e-flex e-con-boxed e-con e-parent\" data-id=\"bb69b5d\" data-element_type=\"container\" data-e-type=\"container\">\n\t\t\t\t\t<div class=\"e-con-inner\">\n\t\t<div class=\"elementor-element elementor-element-397f97a e-con-full e-flex e-con e-child\" data-id=\"397f97a\" data-element_type=\"container\" data-e-type=\"container\">\n\t\t\t\t<div class=\"elementor-element elementor-element-2cc3e81 elementor-widget elementor-widget-heading\" data-id=\"2cc3e81\" data-element_type=\"widget\" data-e-type=\"widget\" data-widget_type=\"heading.default\">\n\t\t\t\t\t<h2 class=\"elementor-heading-title elementor-size-default\">Technical Drawing<\/h2>\t\t\t\t<\/div>\n\t\t\t\t<\/div>\n\t\t<div class=\"elementor-element elementor-element-9f6e4b6 e-con-full e-flex e-con e-child\" data-id=\"9f6e4b6\" data-element_type=\"container\" data-e-type=\"container\">\n\t\t\t\t<div class=\"elementor-element elementor-element-55d0c8a elementor-widget elementor-widget-image\" data-id=\"55d0c8a\" data-element_type=\"widget\" data-e-type=\"widget\" data-widget_type=\"image.default\">\n\t\t\t\t\t\t\t\t\t\t\t\t\t\t\t<img decoding=\"async\" width=\"800\" height=\"587\" src=\"https:\/\/kocdegirmen.com\/wp-content\/uploads\/2026\/01\/kare-elek2.png\" class=\"attachment-large size-large wp-image-840\" alt=\"\" srcset=\"https:\/\/kocdegirmen.com\/wp-content\/uploads\/2026\/01\/kare-elek2.png 835w, https:\/\/kocdegirmen.com\/wp-content\/uploads\/2026\/01\/kare-elek2-300x220.png 300w, https:\/\/kocdegirmen.com\/wp-content\/uploads\/2026\/01\/kare-elek2-768x564.png 768w\" sizes=\"(max-width: 800px) 100vw, 800px\" \/>\t\t\t\t\t\t\t\t\t\t\t\t\t\t\t<\/div>\n\t\t\t\t<div class=\"elementor-element elementor-element-a0ee223 elementor-widget elementor-widget-image\" data-id=\"a0ee223\" data-element_type=\"widget\" data-e-type=\"widget\" data-widget_type=\"image.default\">\n\t\t\t\t\t\t\t\t\t\t\t\t\t\t\t<img decoding=\"async\" width=\"800\" height=\"273\" src=\"https:\/\/kocdegirmen.com\/wp-content\/uploads\/2026\/01\/kare-elek-1-1024x350.png\" class=\"attachment-large size-large wp-image-839\" alt=\"\" srcset=\"https:\/\/kocdegirmen.com\/wp-content\/uploads\/2026\/01\/kare-elek-1-1024x350.png 1024w, https:\/\/kocdegirmen.com\/wp-content\/uploads\/2026\/01\/kare-elek-1-300x103.png 300w, https:\/\/kocdegirmen.com\/wp-content\/uploads\/2026\/01\/kare-elek-1-768x263.png 768w, https:\/\/kocdegirmen.com\/wp-content\/uploads\/2026\/01\/kare-elek-1.png 1038w\" sizes=\"(max-width: 800px) 100vw, 800px\" \/>\t\t\t\t\t\t\t\t\t\t\t\t\t\t\t<\/div>\n\t\t\t\t<div class=\"elementor-element elementor-element-47877bb elementor-widget elementor-widget-image\" data-id=\"47877bb\" data-element_type=\"widget\" data-e-type=\"widget\" data-widget_type=\"image.default\">\n\t\t\t\t\t\t\t\t\t\t\t\t\t\t\t<img loading=\"lazy\" decoding=\"async\" width=\"800\" height=\"191\" src=\"https:\/\/kocdegirmen.com\/wp-content\/uploads\/2026\/01\/kare-elek3-1024x245.png\" class=\"attachment-large size-large wp-image-1009\" alt=\"\" srcset=\"https:\/\/kocdegirmen.com\/wp-content\/uploads\/2026\/01\/kare-elek3-1024x245.png 1024w, https:\/\/kocdegirmen.com\/wp-content\/uploads\/2026\/01\/kare-elek3-300x72.png 300w, https:\/\/kocdegirmen.com\/wp-content\/uploads\/2026\/01\/kare-elek3-768x184.png 768w, https:\/\/kocdegirmen.com\/wp-content\/uploads\/2026\/01\/kare-elek3.png 1071w\" sizes=\"(max-width: 800px) 100vw, 800px\" \/>\t\t\t\t\t\t\t\t\t\t\t\t\t\t\t<\/div>\n\t\t\t\t<\/div>\n\t\t\t\t\t<\/div>\n\t\t\t\t<\/div>\n\t\t\t\t<\/div>","protected":false},"excerpt":{"rendered":"<p>Kare Elek \u00dcr\u00fcnler Kare Elek ELEK ASKI BA\u011eLANTI \u015eEK\u0130LLER\u0130 \u00c7e\u015fitli ask\u0131 ba\u011flant\u0131 \u015fekilleri sayesinde mimimum kat y\u00fcksekliklerinde \u00e7al\u0131\u015fma imkan\u0131 mevcuttur. Kiri\u015flerin pasaj aralar\u0131na getirilmesi sayesinde, \u00e7e\u015fitli aks aral\u0131klar\u0131 mesafesinde her b\u00fcy\u00fckl\u00fckte ele\u011fin \u00e7al\u0131\u015fma imkan\u0131 sa\u011flanmaktad\u0131r. \u00a0\u00a0 \u00a0 \u00a0 Teknik \u00c7izim<\/p>","protected":false},"author":1,"featured_media":699,"parent":0,"menu_order":0,"comment_status":"closed","ping_status":"closed","template":"","meta":{"footnotes":""},"class_list":["post-837","page","type-page","status-publish","has-post-thumbnail","hentry"],"_links":{"self":[{"href":"https:\/\/kocdegirmen.com\/en\/wp-json\/wp\/v2\/pages\/837","targetHints":{"allow":["GET"]}}],"collection":[{"href":"https:\/\/kocdegirmen.com\/en\/wp-json\/wp\/v2\/pages"}],"about":[{"href":"https:\/\/kocdegirmen.com\/en\/wp-json\/wp\/v2\/types\/page"}],"author":[{"embeddable":true,"href":"https:\/\/kocdegirmen.com\/en\/wp-json\/wp\/v2\/users\/1"}],"replies":[{"embeddable":true,"href":"https:\/\/kocdegirmen.com\/en\/wp-json\/wp\/v2\/comments?post=837"}],"version-history":[{"count":10,"href":"https:\/\/kocdegirmen.com\/en\/wp-json\/wp\/v2\/pages\/837\/revisions"}],"predecessor-version":[{"id":1402,"href":"https:\/\/kocdegirmen.com\/en\/wp-json\/wp\/v2\/pages\/837\/revisions\/1402"}],"wp:featuredmedia":[{"embeddable":true,"href":"https:\/\/kocdegirmen.com\/en\/wp-json\/wp\/v2\/media\/699"}],"wp:attachment":[{"href":"https:\/\/kocdegirmen.com\/en\/wp-json\/wp\/v2\/media?parent=837"}],"curies":[{"name":"wp","href":"https:\/\/api.w.org\/{rel}","templated":true}]}}