{"id":811,"date":"2026-01-19T10:55:31","date_gmt":"2026-01-19T10:55:31","guid":{"rendered":"https:\/\/kocdegirmen.com\/?page_id=811"},"modified":"2026-03-18T11:41:02","modified_gmt":"2026-03-18T11:41:02","slug":"hava-kilidi","status":"publish","type":"page","link":"https:\/\/kocdegirmen.com\/en\/hava-kilidi\/","title":{"rendered":"Air Lock"},"content":{"rendered":"<div data-elementor-type=\"wp-page\" data-elementor-id=\"811\" class=\"elementor elementor-811\" data-elementor-post-type=\"page\">\n\t\t\t\t<div class=\"elementor-element elementor-element-eae5dc5 e-flex e-con-boxed e-con e-parent\" data-id=\"eae5dc5\" data-element_type=\"container\" data-e-type=\"container\">\n\t\t\t\t\t<div class=\"e-con-inner\">\n\t\t\t\t<div class=\"elementor-element elementor-element-63d1ee8 elementor-widget elementor-widget-heading\" data-id=\"63d1ee8\" data-element_type=\"widget\" data-e-type=\"widget\" data-widget_type=\"heading.default\">\n\t\t\t\t\t<h2 class=\"elementor-heading-title elementor-size-default\">Air Lock<\/h2>\t\t\t\t<\/div>\n\t\t\t\t<div class=\"elementor-element elementor-element-1687d2c elementor-widget-divider--view-line elementor-widget elementor-widget-divider\" data-id=\"1687d2c\" data-element_type=\"widget\" data-e-type=\"widget\" data-widget_type=\"divider.default\">\n\t\t\t\t\t\t\t<div class=\"elementor-divider\">\n\t\t\t<span class=\"elementor-divider-separator\">\n\t\t\t\t\t\t<\/span>\n\t\t<\/div>\n\t\t\t\t\t\t<\/div>\n\t\t\t\t<div class=\"elementor-element elementor-element-77f59e3 elementor-widget elementor-widget-heading\" data-id=\"77f59e3\" data-element_type=\"widget\" data-e-type=\"widget\" data-widget_type=\"heading.default\">\n\t\t\t\t\t<h5 class=\"elementor-heading-title elementor-size-default\"><a href=\"https:\/\/kocdegirmen.com\/en\/urunler\/\">Products<\/a><\/h5>\t\t\t\t<\/div>\n\t\t\t\t\t<\/div>\n\t\t\t\t<\/div>\n\t\t<div class=\"elementor-element elementor-element-c22907b e-flex e-con-boxed e-con e-parent\" data-id=\"c22907b\" data-element_type=\"container\" data-e-type=\"container\">\n\t\t\t\t\t<div class=\"e-con-inner\">\n\t\t<div class=\"elementor-element elementor-element-1aea8bd e-con-full e-flex e-con e-child\" data-id=\"1aea8bd\" data-element_type=\"container\" data-e-type=\"container\">\n\t\t\t\t<div class=\"elementor-element elementor-element-7bac61d elementor-widget elementor-widget-image\" data-id=\"7bac61d\" data-element_type=\"widget\" data-e-type=\"widget\" data-widget_type=\"image.default\">\n\t\t\t\t\t\t\t\t\t\t\t\t\t\t\t<img fetchpriority=\"high\" decoding=\"async\" width=\"731\" height=\"752\" src=\"https:\/\/kocdegirmen.com\/wp-content\/uploads\/2026\/01\/hava-kilidi.png\" class=\"attachment-large size-large wp-image-696\" alt=\"\" srcset=\"https:\/\/kocdegirmen.com\/wp-content\/uploads\/2026\/01\/hava-kilidi.png 731w, https:\/\/kocdegirmen.com\/wp-content\/uploads\/2026\/01\/hava-kilidi-292x300.png 292w\" sizes=\"(max-width: 731px) 100vw, 731px\" \/>\t\t\t\t\t\t\t\t\t\t\t\t\t\t\t<\/div>\n\t\t\t\t<\/div>\n\t\t<div class=\"elementor-element elementor-element-b12bde8 e-con-full e-flex e-con e-child\" data-id=\"b12bde8\" data-element_type=\"container\" data-e-type=\"container\">\n\t\t\t\t<div class=\"elementor-element elementor-element-f2199c6 elementor-widget elementor-widget-heading\" data-id=\"f2199c6\" data-element_type=\"widget\" data-e-type=\"widget\" data-widget_type=\"heading.default\">\n\t\t\t\t\t<h2 class=\"elementor-heading-title elementor-size-default\">Air Lock<\/h2>\t\t\t\t<\/div>\n\t\t\t\t<div class=\"elementor-element elementor-element-76b6eec elementor-widget elementor-widget-text-editor\" data-id=\"76b6eec\" data-element_type=\"widget\" data-e-type=\"widget\" data-widget_type=\"text-editor.default\">\n\t\t\t\t\t\t\t\t\t<div id=\"tab1\" class=\"tab_content\"><div class=\"jScrollPaneContainer\" tabindex=\"0\"><div id=\"tab1s\"><div id=\"tab1\" class=\"tab_content\"><div class=\"jScrollPaneContainer\" tabindex=\"0\"><div id=\"tab1s\"><div id=\"tab1\" class=\"tab_content\"><div class=\"jScrollPaneContainer\" tabindex=\"0\"><div id=\"tab1s\"><div id=\"tab1\" class=\"tab_content\"><div class=\"jScrollPaneContainer\" tabindex=\"0\"><div id=\"tab1s\">An airlock is a key component of pneumatic conveying systems. Airlocks control the flow of various granular, pellet, or powdered materials from locations such as silos, bunkers, cyclones, filters, and mixers.<\/div><\/div><\/div><\/div><\/div><\/div><\/div><\/div><\/div><\/div><\/div><\/div>\t\t\t\t\t\t\t\t<\/div>\n\t\t\t\t<\/div>\n\t\t\t\t\t<\/div>\n\t\t\t\t<\/div>\n\t\t<div class=\"elementor-element elementor-element-bb69b5d e-flex e-con-boxed e-con e-parent\" data-id=\"bb69b5d\" data-element_type=\"container\" data-e-type=\"container\">\n\t\t\t\t\t<div class=\"e-con-inner\">\n\t\t<div class=\"elementor-element elementor-element-397f97a e-con-full e-flex e-con e-child\" data-id=\"397f97a\" data-element_type=\"container\" data-e-type=\"container\">\n\t\t\t\t<div class=\"elementor-element elementor-element-2cc3e81 elementor-widget elementor-widget-heading\" data-id=\"2cc3e81\" data-element_type=\"widget\" data-e-type=\"widget\" data-widget_type=\"heading.default\">\n\t\t\t\t\t<h2 class=\"elementor-heading-title elementor-size-default\">Technical Drawing<\/h2>\t\t\t\t<\/div>\n\t\t\t\t<\/div>\n\t\t<div class=\"elementor-element elementor-element-9f6e4b6 e-con-full e-flex e-con e-child\" data-id=\"9f6e4b6\" data-element_type=\"container\" data-e-type=\"container\">\n\t\t\t\t<div class=\"elementor-element elementor-element-55d0c8a elementor-widget elementor-widget-image\" data-id=\"55d0c8a\" data-element_type=\"widget\" data-e-type=\"widget\" data-widget_type=\"image.default\">\n\t\t\t\t\t\t\t\t\t\t\t\t\t\t\t<img decoding=\"async\" width=\"461\" height=\"600\" src=\"https:\/\/kocdegirmen.com\/wp-content\/uploads\/2026\/01\/hava-kilidi2.png\" class=\"attachment-large size-large wp-image-814\" alt=\"\" srcset=\"https:\/\/kocdegirmen.com\/wp-content\/uploads\/2026\/01\/hava-kilidi2.png 461w, https:\/\/kocdegirmen.com\/wp-content\/uploads\/2026\/01\/hava-kilidi2-231x300.png 231w\" sizes=\"(max-width: 461px) 100vw, 461px\" \/>\t\t\t\t\t\t\t\t\t\t\t\t\t\t\t<\/div>\n\t\t\t\t<div class=\"elementor-element elementor-element-a0ee223 elementor-widget elementor-widget-image\" data-id=\"a0ee223\" data-element_type=\"widget\" data-e-type=\"widget\" data-widget_type=\"image.default\">\n\t\t\t\t\t\t\t\t\t\t\t\t\t\t\t<img decoding=\"async\" width=\"718\" height=\"190\" src=\"https:\/\/kocdegirmen.com\/wp-content\/uploads\/2026\/01\/hava-kilidi-1.png\" class=\"attachment-large size-large wp-image-813\" alt=\"\" srcset=\"https:\/\/kocdegirmen.com\/wp-content\/uploads\/2026\/01\/hava-kilidi-1.png 718w, https:\/\/kocdegirmen.com\/wp-content\/uploads\/2026\/01\/hava-kilidi-1-300x79.png 300w\" sizes=\"(max-width: 718px) 100vw, 718px\" \/>\t\t\t\t\t\t\t\t\t\t\t\t\t\t\t<\/div>\n\t\t\t\t<\/div>\n\t\t\t\t\t<\/div>\n\t\t\t\t<\/div>\n\t\t\t\t<\/div>","protected":false},"excerpt":{"rendered":"<p>Hava Kilidi \u00dcr\u00fcnler Hava Kilidi Hava kilidi, pn\u00f6matik iletim sistemlerinin \u00f6nemli bir bile\u015fenidir. Hava kilitleri \u00e7e\u015fitli gran\u00fcl, dane veya toz halindeki malzemenin silo, bunker, siklon, filtre, mikser gibi yerlerden ak\u0131\u015f\u0131n\u0131 kontrol eder. Teknik \u00c7izim<\/p>","protected":false},"author":1,"featured_media":696,"parent":0,"menu_order":0,"comment_status":"closed","ping_status":"closed","template":"","meta":{"footnotes":""},"class_list":["post-811","page","type-page","status-publish","has-post-thumbnail","hentry"],"_links":{"self":[{"href":"https:\/\/kocdegirmen.com\/en\/wp-json\/wp\/v2\/pages\/811","targetHints":{"allow":["GET"]}}],"collection":[{"href":"https:\/\/kocdegirmen.com\/en\/wp-json\/wp\/v2\/pages"}],"about":[{"href":"https:\/\/kocdegirmen.com\/en\/wp-json\/wp\/v2\/types\/page"}],"author":[{"embeddable":true,"href":"https:\/\/kocdegirmen.com\/en\/wp-json\/wp\/v2\/users\/1"}],"replies":[{"embeddable":true,"href":"https:\/\/kocdegirmen.com\/en\/wp-json\/wp\/v2\/comments?post=811"}],"version-history":[{"count":7,"href":"https:\/\/kocdegirmen.com\/en\/wp-json\/wp\/v2\/pages\/811\/revisions"}],"predecessor-version":[{"id":1393,"href":"https:\/\/kocdegirmen.com\/en\/wp-json\/wp\/v2\/pages\/811\/revisions\/1393"}],"wp:featuredmedia":[{"embeddable":true,"href":"https:\/\/kocdegirmen.com\/en\/wp-json\/wp\/v2\/media\/696"}],"wp:attachment":[{"href":"https:\/\/kocdegirmen.com\/en\/wp-json\/wp\/v2\/media?parent=811"}],"curies":[{"name":"wp","href":"https:\/\/api.w.org\/{rel}","templated":true}]}}