{"id":1159,"date":"2026-01-23T09:42:15","date_gmt":"2026-01-23T09:42:15","guid":{"rendered":"https:\/\/kocdegirmen.com\/?page_id=1159"},"modified":"2026-01-23T09:45:38","modified_gmt":"2026-01-23T09:45:38","slug":"kvkk-aydinlatma-metni","status":"publish","type":"page","link":"https:\/\/kocdegirmen.com\/en\/kvkk-aydinlatma-metni\/","title":{"rendered":"KVKK Information Text"},"content":{"rendered":"<div data-elementor-type=\"wp-page\" data-elementor-id=\"1159\" class=\"elementor elementor-1159\" data-elementor-post-type=\"page\">\n\t\t\t\t<div class=\"elementor-element elementor-element-17886c0 e-flex e-con-boxed e-con e-parent\" data-id=\"17886c0\" data-element_type=\"container\" data-e-type=\"container\">\n\t\t\t\t\t<div class=\"e-con-inner\">\n\t\t\t\t<div class=\"elementor-element elementor-element-562cd4a elementor-widget elementor-widget-text-editor\" data-id=\"562cd4a\" data-element_type=\"widget\" data-e-type=\"widget\" data-widget_type=\"text-editor.default\">\n\t\t\t\t\t\t\t\t\t<h2 class=\"wp-block-heading\"><strong>kocdegirmen.com<\/strong><strong> 6698 SK kapsam\u0131nda Ayd\u0131nlatma Bildirimi<\/strong><\/h2><p><!-- \/wp:heading --> <!-- wp:paragraph --><\/p><p>Son G\u00fcncelleme: 23\/01\/2026<\/p><p><!-- \/wp:paragraph --> <!-- wp:paragraph --><\/p><p><strong>Veri Sorumlusu Kimli\u011fi:<\/strong><\/p><p><!-- \/wp:paragraph --> <!-- wp:paragraph --><\/p><p>Himmet Batuhan \u00d6nge<\/p><p><!-- \/wp:paragraph --> <!-- wp:paragraph --><\/p><p>\u0130leti\u015fim adresi: himmet.b.onge@gmail.com<\/p><p><!-- \/wp:paragraph --> <!-- wp:paragraph --><\/p><p>\u0130\u015fbu ayd\u0131nlatma metni kocdegirmen.com adresini ziyaret eden ve kullanan ilgili ki\u015filerin ki\u015fisel verilerini konu edinmektedir.<\/p><p><!-- \/wp:paragraph --> <!-- wp:paragraph --><\/p><p><strong>Ki\u015fisel Verilerin Hangi Ama\u00e7la \u0130\u015flenece\u011fi:<\/strong><\/p><p><!-- \/wp:paragraph --> <!-- wp:paragraph --><\/p><p>kocdegirmen.com adresi \u00fczerinden ki\u015fisel verileriniz \u015fu ama\u00e7larla i\u015flenir:<\/p><p><!-- \/wp:paragraph --> <!-- wp:list --><\/p><ul class=\"wp-block-list\"><li style=\"list-style-type: none;\"><ul class=\"wp-block-list\"><!-- wp:list-item --><li>Site ziyaret\u00e7ilerimize daha iyi hizmet sa\u011flayabilmek amac\u0131yla <br \/>Site \u00fczerinde gezinme bilgileriniz i\u015flenmekte, bu ama\u00e7 ile s\u0131n\u0131rl\u0131 olarak \u00fc\u00e7\u00fcnc\u00fc ki\u015filerle payla\u015f\u0131lmakta ve g\u00fcvenli olarak saklanmaktad\u0131r.\u00a0\u00a0\u00a0\u00a0 <br \/>Tercihlerinizle ilgili bir \u00f6zet olu\u015fturmak amac\u0131yla ge\u00e7mi\u015f i\u015flemleriniz depolanmaktad\u0131r.\u00a0 \u00a0 <br \/>Site\u2019nin nas\u0131l kullan\u0131ld\u0131\u011f\u0131n\u0131 analiz etmek ve <br \/>Siteyi kullan\u0131m deneyiminizi iyile\u015ftirmek ama\u00e7lar\u0131yla i\u015flevsel ve analitik \u00e7erezler kullan\u0131lmaktad\u0131r.<\/li><\/ul><\/li><\/ul><p><!-- \/wp:list-item --><\/p><p><!-- \/wp:list --> <!-- wp:paragraph --><\/p><p><strong>Ki\u015fisel Verilerin Kimlere ve Hangi Ama\u00e7la Aktar\u0131labilece\u011fi:<\/strong><\/p><p><!-- \/wp:paragraph --> <!-- wp:paragraph --><\/p><p>Ki\u015fisel verilerin aktar\u0131lmamas\u0131 ve a\u00e7\u0131klanmamas\u0131 \u00f6nceli\u011fimizdir. Bununla birlikte size hizmet sunarken bizlere destek olan tedarik\u00e7ilerimize aktar\u0131lmaktad\u0131r.<\/p><p><!-- \/wp:paragraph --> <!-- wp:paragraph --><\/p><p><strong>Ki\u015fisel Veri Toplaman\u0131n Y\u00f6ntemi ve Hukuki Sebebi:<\/strong><\/p><p><!-- \/wp:paragraph --> <!-- wp:paragraph --><\/p><p>Verileriniz ad\u0131 ge\u00e7en adreste yer alan ilgili alanlar\u0131 i\u015fleyerek g\u00f6nder butonuna t\u0131klaman\u0131zla birlikte web-adresi ara y\u00fcz\u00fcne y\u00fcklenmektedir.<\/p><p><!-- \/wp:paragraph --> <!-- wp:paragraph --><\/p><p>Verilerinizi i\u015flerken veri sorumlusunun hukuki y\u00fck\u00fcml\u00fcl\u00fc\u011f\u00fcn\u00fc yerine getirebilmesi i\u00e7in zorunlu olmas\u0131 hukuki sebebine dayan\u0131r\u0131z.<\/p><p><!-- \/wp:paragraph --> <!-- wp:paragraph --><\/p><p><strong>\u0130lgili Ki\u015finin Kanunun 11 \u0130nci Maddesinde Say\u0131lan Di\u011fer Haklar\u0131:<\/strong><\/p><p><!-- \/wp:paragraph --> <!-- wp:paragraph --><\/p><p>\u0130lgili ki\u015filerin 6698 Say\u0131l\u0131 Kanun\u2019da yer alan haklar\u0131n\u0131 yukar\u0131daki yaz\u0131\u015fma adresine ba\u015fvuruda bulunarak her zaman i\u015fletebilirler.<\/p><p><!-- \/wp:paragraph --> <!-- wp:paragraph --><\/p><p>\u00c7erez bildirimi, kocdegirmen.com adresini ziyaret eden ve kullanan ki\u015fileri bilgilendirmek amac\u0131yla haz\u0131rlanm\u0131\u015ft\u0131r.<\/p><p><!-- \/wp:paragraph --> <!-- wp:heading --><\/p><h2 class=\"wp-block-heading\">\u00c7erezler<\/h2><p><!-- \/wp:heading --> <!-- wp:paragraph --><\/p><p><strong>\u00c7erez Nedir?<\/strong><\/p><p><!-- \/wp:paragraph --> <!-- wp:paragraph --><\/p><p>\u00c7erezler, bir internet sitesini ziyaret etti\u011finiz zaman bilgisayar veya mobil cihaz\u0131n\u0131zda saklanan ve s\u00f6z konusu cihaz\u0131n tespit edilmesine olanak sa\u011flayan, \u00e7o\u011funlukla harf veya say\u0131lardan olu\u015fan k\u00fc\u00e7\u00fck metin dosyalar\u0131d\u0131r.<\/p><p><!-- \/wp:paragraph --> <!-- wp:paragraph --><\/p><p>Yukar\u0131da bahsedilen adresin ziyaret\u00e7ileri ve kullan\u0131c\u0131lar\u0131yla ilgili \u00e7erezler i\u015fleriz. Bununla birlikte adresler \u00fczerinde hem birinci parti \u00e7erezler (do\u011frudan bizim taraf\u0131m\u0131zdan yerle\u015ftirilen) hem de \u00fc\u00e7\u00fcnc\u00fc parti \u00e7erezler (bizim haricimizdeki sunucular taraf\u0131ndan yerle\u015ftirilen) kullan\u0131lmaktad\u0131r. Kulland\u0131\u011f\u0131m\u0131z ve sorumlulu\u011funu \u00fcstlendi\u011fimiz birinci parti \u00e7erez t\u00fcrleri \u015fu \u015fekildedir:<\/p><p><!-- \/wp:paragraph --> <!-- wp:paragraph --><\/p><p>Zorunlu (Temel) \u00c7erezler: Adreste yer alan fonksiyonlar\u0131n d\u00fczg\u00fcn bir \u015fekilde \u00e7al\u0131\u015fabilmesi ve adres \u00fczerinden sunulan hizmetin eksiksiz yerine getirilebilmesi i\u00e7in kullan\u0131m\u0131 zorunlu olan \u00e7erezlerdir. \u00d6rne\u011fin, adreste oturum a\u00e7t\u0131\u011f\u0131n\u0131zda devreye giren kimlik do\u011frulama \u00e7erezleri, bir sayfadan di\u011ferine ge\u00e7i\u015finizde etkin olan oturumunuzun devam etmesini sa\u011flamaktad\u0131r. Bu \u00e7erezlerin devre d\u0131\u015f\u0131 b\u0131rak\u0131lmas\u0131 fonksiyonlar\u0131n kullan\u0131lamaz hale gelmesine neden olabilir.<\/p><p><!-- \/wp:paragraph --> <!-- wp:paragraph --><\/p><p>Kal\u0131c\u0131 \u00c7erezler: Adresin i\u015flevselli\u011fini art\u0131rmak, ziyaret\u00e7ilerimize daha h\u0131zl\u0131 ve iyi bir hizmet sunmak amac\u0131yla kullan\u0131lan ve taray\u0131c\u0131lar vas\u0131tas\u0131yla taraf\u0131n\u0131zca silininceye dek veya son kullan\u0131m tarihine kadar ge\u00e7erlili\u011fini koruyan \u00e7erezlerdir. Bu t\u00fcr \u00e7erezler, yapt\u0131\u011f\u0131n\u0131z tercihleri hat\u0131rlamak ve kullan\u0131m\u0131n\u0131z\u0131 ki\u015fiselle\u015ftirmek i\u00e7in kullan\u0131r. Bu \u00e7erezler, kullan\u0131m parolan\u0131z\u0131 kaydeden ve oturumunuzun s\u00fcrekli a\u00e7\u0131k kalmas\u0131n\u0131 sa\u011flayan, b\u00f6ylece her ziyaretinizde birden fazla kez parola girme zahmetinden kurtaran, adresi daha sonraki ziyaretlerinizde sizi hat\u0131rlayan ve tan\u0131yan \u00e7erezleri i\u00e7erir.<\/p><p><!-- \/wp:paragraph --> <!-- wp:paragraph --><\/p><p>\u0130\u015flevsel ve Analitik \u00c7erezler: Adrese nereden ba\u011fland\u0131\u011f\u0131n\u0131z, hangi i\u00e7eri\u011fi g\u00f6r\u00fcnt\u00fcledi\u011finiz ve ziyaretinizin s\u00fcresi gibi adresi nas\u0131l kulland\u0131\u011f\u0131n\u0131z\u0131 belirlemek i\u00e7in kullan\u0131lan \u00e7erezlerdir.<\/p><p><!-- \/wp:paragraph --> <!-- wp:paragraph --><\/p><p><strong>Hangi \u00c7erezler Hangi Ama\u00e7lar ile Kullan\u0131lmaktad\u0131r?<\/strong><\/p><p><!-- \/wp:paragraph --> <!-- wp:paragraph --><\/p><p>Ko\u00e7 De\u011firmen olarak yukar\u0131da bahsi ge\u00e7en adreslerde a\u015fa\u011f\u0131da belirtilen ama\u00e7lar ile s\u0131n\u0131rl\u0131 olmak kayd\u0131yla \u00c7erez Bildirimine konu adreslerde \u00e7erez verileri i\u015flemekteyiz:<\/p><p><!-- \/wp:paragraph --> <!-- wp:list --><\/p><ul class=\"wp-block-list\"><li style=\"list-style-type: none;\"><ul class=\"wp-block-list\"><!-- wp:list-item --><li>Adresin \u00e7al\u0131\u015fmas\u0131 i\u00e7in gerekli temel fonksiyonlar\u0131 ger\u00e7ekle\u015ftirmek,<\/li><\/ul><\/li><\/ul><p><!-- \/wp:list-item --> <!-- wp:list-item --><\/p><ul class=\"wp-block-list\"><li style=\"list-style-type: none;\"><ul class=\"wp-block-list\"><li>Adresi analiz etmek ve performans\u0131n\u0131 artt\u0131rmak.<\/li><\/ul><\/li><\/ul><p><!-- \/wp:list-item --><\/p><p><!-- \/wp:list --> <!-- wp:paragraph --><\/p><p><strong>\u00c7erez Kullan\u0131m\u0131n\u0131 Nas\u0131l Kontrol Edebilirsiniz?<\/strong><\/p><p><!-- \/wp:paragraph --> <!-- wp:paragraph --><\/p><p>Adresimizi ziyaret etmek ve kullanmak i\u00e7in \u00e7erezlerin i\u015flenmesi zorunlu de\u011fildir; taray\u0131c\u0131n\u0131z\u0131n ayarlar\u0131n\u0131 de\u011fi\u015ftirerek \u00e7erezlere ili\u015fkin tercihlerinizi ki\u015fiselle\u015ftirme imk\u00e2n\u0131na sahipsiniz. Taray\u0131c\u0131n\u0131z\u0131 \u00e7erezleri engelleyecek \u015fekilde ayarlaman\u0131z halinde, adresleri kullanmaya devam edebilirsiniz; ancak bu durumda adreslerdeki t\u00fcm fonksiyonlara eri\u015fiminiz s\u0131n\u0131rl\u0131 olabilir, kullan\u0131c\u0131 deneyiminizin kalitesi d\u00fc\u015febilir.<\/p><p><!-- \/wp:paragraph --> <!-- wp:table --><\/p><figure class=\"wp-block-table\"><table class=\"has-fixed-layout\"><tbody><tr><td>Google Analytics<\/td><td>https:\/\/tools.google.com\/dlpage\/gaoptout<\/td><\/tr><tr><td>Google Chrome<\/td><td>http:\/\/www.google.com\/support\/chrome\/bin\/answer.py?hl=enanswer=95647<\/td><\/tr><tr><td>Internet Explorer<\/td><td>https:\/\/support.microsoft.com\/en-us\/help\/17442\/windows-internet-explorer-delete-manage-cookies<\/td><\/tr><tr><td>Mozilla Firefox<\/td><td>http:\/\/support.mozilla.com\/en-US\/kb\/Cookies<\/td><\/tr><tr><td>Opera<\/td><td>http:\/\/www.opera.com\/browser\/tutorials\/security\/privacy\/<\/td><\/tr><tr><td>Safari<\/td><td>https:\/\/support.apple.com\/kb\/ph19214?locale=tr TR<\/td><\/tr><\/tbody><\/table><\/figure><p><!-- \/wp:table --><\/p><div id=\"simple-translate\" class=\"simple-translate-system-theme\"><div><div class=\"simple-translate-button isShow\" style=\"background-image: url('moz-extension:\/\/0754142c-6ebe-4072-8d31-a6a3b924fc07\/icons\/512.png'); height: 22px; width: 22px; top: 44px; left: 11px;\">\u00a0<\/div><div class=\"simple-translate-panel\" style=\"width: 300px; height: 200px; top: 0px; left: 0px; font-size: 13px;\"><div class=\"simple-translate-result-wrapper\" style=\"overflow: hidden;\"><div class=\"simple-translate-move\" draggable=\"true\">\u00a0<\/div><div class=\"simple-translate-result-contents\"><p class=\"simple-translate-result\" dir=\"auto\">\u00a0<\/p><p class=\"simple-translate-candidate\" dir=\"auto\">\u00a0<\/p><\/div><\/div><\/div><\/div><\/div>\t\t\t\t\t\t\t\t<\/div>\n\t\t\t\t\t<\/div>\n\t\t\t\t<\/div>\n\t\t\t\t<\/div>","protected":false},"excerpt":{"rendered":"<p>kocdegirmen.com 6698 SK kapsam\u0131nda Ayd\u0131nlatma Bildirimi Son G\u00fcncelleme: 23\/01\/2026 Veri Sorumlusu Kimli\u011fi: Himmet Batuhan \u00d6nge \u0130leti\u015fim adresi: himmet.b.onge@gmail.com \u0130\u015fbu ayd\u0131nlatma metni kocdegirmen.com adresini ziyaret eden ve kullanan ilgili ki\u015filerin ki\u015fisel verilerini konu edinmektedir. Ki\u015fisel Verilerin Hangi Ama\u00e7la \u0130\u015flenece\u011fi: kocdegirmen.com adresi \u00fczerinden ki\u015fisel verileriniz \u015fu ama\u00e7larla i\u015flenir: Site ziyaret\u00e7ilerimize daha iyi hizmet sa\u011flayabilmek amac\u0131yla Site \u00fczerinde [&hellip;]<\/p>\n","protected":false},"author":1,"featured_media":0,"parent":0,"menu_order":0,"comment_status":"closed","ping_status":"closed","template":"","meta":{"footnotes":""},"class_list":["post-1159","page","type-page","status-publish","hentry"],"_links":{"self":[{"href":"https:\/\/kocdegirmen.com\/en\/wp-json\/wp\/v2\/pages\/1159","targetHints":{"allow":["GET"]}}],"collection":[{"href":"https:\/\/kocdegirmen.com\/en\/wp-json\/wp\/v2\/pages"}],"about":[{"href":"https:\/\/kocdegirmen.com\/en\/wp-json\/wp\/v2\/types\/page"}],"author":[{"embeddable":true,"href":"https:\/\/kocdegirmen.com\/en\/wp-json\/wp\/v2\/users\/1"}],"replies":[{"embeddable":true,"href":"https:\/\/kocdegirmen.com\/en\/wp-json\/wp\/v2\/comments?post=1159"}],"version-history":[{"count":4,"href":"https:\/\/kocdegirmen.com\/en\/wp-json\/wp\/v2\/pages\/1159\/revisions"}],"predecessor-version":[{"id":1163,"href":"https:\/\/kocdegirmen.com\/en\/wp-json\/wp\/v2\/pages\/1159\/revisions\/1163"}],"wp:attachment":[{"href":"https:\/\/kocdegirmen.com\/en\/wp-json\/wp\/v2\/media?parent=1159"}],"curies":[{"name":"wp","href":"https:\/\/api.w.org\/{rel}","templated":true}]}}