{"id":1154,"date":"2026-01-23T09:38:50","date_gmt":"2026-01-23T09:38:50","guid":{"rendered":"https:\/\/kocdegirmen.com\/?page_id=1154"},"modified":"2026-01-23T09:41:53","modified_gmt":"2026-01-23T09:41:53","slug":"kullanim-kosullari","status":"publish","type":"page","link":"https:\/\/kocdegirmen.com\/en\/kullanim-kosullari\/","title":{"rendered":"Terms of Use"},"content":{"rendered":"<div data-elementor-type=\"wp-page\" data-elementor-id=\"1154\" class=\"elementor elementor-1154\" data-elementor-post-type=\"page\">\n\t\t\t\t<div class=\"elementor-element elementor-element-4cf1bd20 e-flex e-con-boxed e-con e-parent\" data-id=\"4cf1bd20\" data-element_type=\"container\" data-e-type=\"container\">\n\t\t\t\t\t<div class=\"e-con-inner\">\n\t\t\t\t<div class=\"elementor-element elementor-element-749e6891 elementor-widget elementor-widget-text-editor\" data-id=\"749e6891\" data-element_type=\"widget\" data-e-type=\"widget\" data-widget_type=\"text-editor.default\">\n\t\t\t\t\t\t\t\t\t\n<p><strong>kocdegirmen.com<\/strong><strong> \u2013 Kullan\u0131m Ko\u015fullar\u0131<\/strong><\/p>\n\n<p>Son G\u00fcncelleme: 23\/01\/2026<\/p>\n\n<p>Kullan\u0131m Ko\u015fullar\u0131, kocdegirmen.com ve bu web sitesi \u00fczerinden sunulan \u00fcr\u00fcn ve hizmetlerin fikri hak sahiplerinin, kullan\u0131m hakk\u0131 sahiplerinin, kullan\u0131c\u0131lar\u0131n\u0131n ve ziyaret\u00e7ilerinin haklar\u0131n\u0131 konu edinmektedir. Bahsi ge\u00e7en web sitesi ziyaret\u00e7ileri ve kullan\u0131c\u0131lar\u0131, bu Kullan\u0131m Ko\u015fullar\u0131na uymakla y\u00fck\u00fcml\u00fc olduklar\u0131n\u0131 kabul ederler. Aksi durumda ilgili ki\u015filerin web sitesi eri\u015fimini derhal sonland\u0131rmalar\u0131 gerekmektedir.<\/p>\n\n<p><strong>Mahremiyet ve Ki\u015fisel Verilerin Korunmas\u0131:<\/strong><\/p>\n\n<p>Bahsi ge\u00e7en web sitesi \u00fczerinden ki\u015fisel verileriniz i\u015flenir. Bu konuda ziyaret\u00e7iler ve kullan\u0131c\u0131lar i\u00e7in haz\u0131rlad\u0131\u011f\u0131m\u0131z Ayd\u0131nlatma Bildirimine istedi\u011finiz zaman eri\u015fim sa\u011flayabilirsiniz. Bu Bildirimi okumay\u0131 unutmay\u0131n\u0131z.<\/p>\n\n<p><strong>Fikri M\u00fclkiyet:<\/strong><\/p>\n\n<p>Kullan\u0131m Ko\u015fullar\u0131n\u0131n konu edildi\u011fi web sitesi, Ko\u00e7 De\u011firmen taraf\u0131ndan veya onun ad\u0131na yay\u0131nlanan t\u00fcm metin, kod, grafikler, logolar, resimler, marka, patent, tasar\u0131m, y\u00f6ntem gibi tescilli veya tescilsiz t\u00fcm fikri m\u00fclkiyet haklar\u0131 Ko\u00e7 De\u011firmen&#8217;e aittir. Yaz\u0131l\u0131 izin olmaks\u0131z\u0131n bunlar\u0131n \u00e7o\u011falt\u0131lmas\u0131 veya kopyalanmas\u0131 kesinlikle yasakt\u0131r.<\/p>\n\n<p><strong>Genel H\u00fck\u00fcmler:<\/strong><\/p>\n\n<p>Ziyaret\u00e7iler ve kullan\u0131c\u0131lar, web sitesi kullan\u0131m\u0131n\u0131 yaln\u0131zca hukuka uygun ama\u00e7larla ger\u00e7ekle\u015ftireceklerini ve \u00fc\u00e7\u00fcnc\u00fc ki\u015filerin haklar\u0131na tecav\u00fcz te\u015fkil edecek nitelikteki herhangi bir faaliyette bulunmayacaklar\u0131n\u0131 kabul ederler. Ziyaret ve kullan\u0131m s\u00fcresince ger\u00e7ekle\u015ftirdikleri her t\u00fcr i\u015flem hakk\u0131nda hukuki ve cezai sorumluluk m\u00fcnferiden ziyaret\u00e7inin veya kullan\u0131c\u0131n\u0131n kendisine aittir.<\/p>\n\n<p><strong>Sorumlulu\u011fun S\u0131n\u0131rland\u0131r\u0131lmas\u0131:<\/strong><\/p>\n\n<p>Adreslerin kullan\u0131m\u0131ndan do\u011fan zararlara ili\u015fkin Ko\u00e7 De\u011firmen sorumlulu\u011fu, kast ve a\u011f\u0131r ihmal ile s\u0131n\u0131rl\u0131d\u0131r.<\/p>\n\n<p><strong>Uyu\u015fmazl\u0131k \u00c7\u00f6z\u00fcm\u00fc:<\/strong><\/p>\n\n<p>Kullan\u0131m \u015eartlar\u0131n\u0131n uygulanmas\u0131ndan veya yorumlanmas\u0131ndan do\u011facak her t\u00fcrl\u00fc uyu\u015fmazl\u0131\u011f\u0131n \u00e7\u00f6z\u00fcm\u00fcnde, T\u00fcrk hukuku uygulan\u0131r. Konya mahkemeleri yetkilidir.<\/p>\n\t\t\t\t\t\t\t\t<\/div>\n\t\t\t\t\t<\/div>\n\t\t\t\t<\/div>\n\t\t\t\t<\/div>","protected":false},"excerpt":{"rendered":"<p>kocdegirmen.com \u2013 Kullan\u0131m Ko\u015fullar\u0131 Son G\u00fcncelleme: 23\/01\/2026 Kullan\u0131m Ko\u015fullar\u0131, kocdegirmen.com ve bu web sitesi \u00fczerinden sunulan \u00fcr\u00fcn ve hizmetlerin fikri hak sahiplerinin, kullan\u0131m hakk\u0131 sahiplerinin, kullan\u0131c\u0131lar\u0131n\u0131n ve ziyaret\u00e7ilerinin haklar\u0131n\u0131 konu edinmektedir. Bahsi ge\u00e7en web sitesi ziyaret\u00e7ileri ve kullan\u0131c\u0131lar\u0131, bu Kullan\u0131m Ko\u015fullar\u0131na uymakla y\u00fck\u00fcml\u00fc olduklar\u0131n\u0131 kabul ederler. Aksi durumda ilgili ki\u015filerin web sitesi eri\u015fimini derhal sonland\u0131rmalar\u0131 [&hellip;]<\/p>\n","protected":false},"author":1,"featured_media":0,"parent":0,"menu_order":0,"comment_status":"closed","ping_status":"closed","template":"","meta":{"footnotes":""},"class_list":["post-1154","page","type-page","status-publish","hentry"],"_links":{"self":[{"href":"https:\/\/kocdegirmen.com\/en\/wp-json\/wp\/v2\/pages\/1154","targetHints":{"allow":["GET"]}}],"collection":[{"href":"https:\/\/kocdegirmen.com\/en\/wp-json\/wp\/v2\/pages"}],"about":[{"href":"https:\/\/kocdegirmen.com\/en\/wp-json\/wp\/v2\/types\/page"}],"author":[{"embeddable":true,"href":"https:\/\/kocdegirmen.com\/en\/wp-json\/wp\/v2\/users\/1"}],"replies":[{"embeddable":true,"href":"https:\/\/kocdegirmen.com\/en\/wp-json\/wp\/v2\/comments?post=1154"}],"version-history":[{"count":4,"href":"https:\/\/kocdegirmen.com\/en\/wp-json\/wp\/v2\/pages\/1154\/revisions"}],"predecessor-version":[{"id":1158,"href":"https:\/\/kocdegirmen.com\/en\/wp-json\/wp\/v2\/pages\/1154\/revisions\/1158"}],"wp:attachment":[{"href":"https:\/\/kocdegirmen.com\/en\/wp-json\/wp\/v2\/media?parent=1154"}],"curies":[{"name":"wp","href":"https:\/\/api.w.org\/{rel}","templated":true}]}}